{"id":11610,"date":"2020-11-16T16:40:27","date_gmt":"2020-11-16T21:40:27","guid":{"rendered":"https:\/\/gestionpatrimoine.wp.codeboxx.dev\/?page_id=11610"},"modified":"2021-06-18T10:37:59","modified_gmt":"2021-06-18T14:37:59","slug":"nos-clients","status":"publish","type":"page","link":"https:\/\/www.alliancewealth.ca\/fr\/nos-clients\/","title":{"rendered":"Nos clients"},"content":{"rendered":"<h2>Particuliers et familles<\/h2>\n<ul>\n<li>Les individus venant de d\u00e9buter leur carri\u00e8re sur le march\u00e9 du travail.<\/li>\n<li>Les jeunes familles qui souhaitent b\u00e9n\u00e9ficier d\u2019une protection et d\u2019un plan pour assurer l\u2019avenir de leurs enfants.<\/li>\n<li>Les individus cherchant \u00e0 \u00e9tablir leur r\u00e9gime d\u2019\u00e9pargne-retraite.<\/li>\n<li>Les individus souhaitant revoir leur strat\u00e9gie de sortie pour savoir \u00e0 quel moment ils peuvent prendre leur retraite.<\/li>\n<li>Les retrait\u00e9s qui cherchent \u00e0 maximiser leur strat\u00e9gie d\u2019\u00e9pargne-retraite.<\/li>\n<\/ul>\n<hr \/>\n<h2>Propri\u00e9taires d&rsquo;entreprise<\/h2>\n<ul>\n<li data-gc-list-depth=\"1\" data-gc-list-style=\"bullet\">Les entrepreneurs qui cherchent \u00e0 se prot\u00e9ger et \u00e0 prot\u00e9ger leur entreprise.<\/li>\n<li data-gc-list-depth=\"1\" data-gc-list-style=\"bullet\">Les entrepreneurs qui cherchent \u00e0 offrir des avantages comp\u00e9titifs \u00e0 leurs employ\u00e9s.<\/li>\n<li data-gc-list-depth=\"1\" data-gc-list-style=\"bullet\">Les partenaires qui veulent s\u2019assurer que leurs strat\u00e9gies financi\u00e8res sont prot\u00e9g\u00e9es.<\/li>\n<li data-gc-list-depth=\"1\" data-gc-list-style=\"bullet\">Les propri\u00e9taires d\u2019entreprises qui s\u2019inqui\u00e8tent de la s\u00e9paration entre leur patrimoine personnel et leurs obligations professionnelles.<\/li>\n<li data-gc-list-depth=\"1\" data-gc-list-style=\"bullet\">Les entreprises qui cherchent \u00e0 aider leurs employ\u00e9s gr\u00e2ce \u00e0 des strat\u00e9gies financi\u00e8res de groupe.<\/li>\n<\/ul>\n<hr \/>\n<h2>Gens fortun\u00e9s<\/h2>\n<ul>\n<li data-gc-list-depth=\"1\" data-gc-list-style=\"bullet\">Les individus \u00e0 la recherche de strat\u00e9gies fiscalement efficaces pour prot\u00e9ger leur patrimoine et leur succession.<\/li>\n<li data-gc-list-depth=\"1\" data-gc-list-style=\"bullet\">Les successions qui cherchent \u00e0 maximiser le transfert de richesse \u00e0 leurs familles.<\/li>\n<li data-gc-list-depth=\"1\" data-gc-list-style=\"bullet\">Les familles qui cherchent \u00e0 prot\u00e9ger leurs actifs tout en \u00e9tablissant un patrimoine financier pour leurs enfants.<\/li>\n<\/ul>\n","protected":false},"excerpt":{"rendered":"<p>Les individus venant de d\u00e9buter leur carri\u00e8re sur le march\u00e9 du travail. Les jeunes familles qui souhaitent b\u00e9n\u00e9ficier d\u2019une protection et d\u2019un plan pour assurer l\u2019avenir de leurs enfants. Les individus cherchant \u00e0 \u00e9tablir leur r\u00e9gime d\u2019\u00e9pargne-retraite. Les individus souhaitant revoir leur strat\u00e9gie de sortie pour savoir \u00e0 quel moment ils peuvent prendre leur retraite. [&#8230;]<\/p>\n","protected":false},"author":1,"featured_media":12023,"parent":0,"menu_order":0,"comment_status":"closed","ping_status":"closed","template":"pages-template-nos-client.php","meta":{"_acf_changed":false,"footnotes":""},"class_list":["post-11610","page","type-page","status-publish","has-post-thumbnail","hentry"],"acf":[],"_links":{"self":[{"href":"https:\/\/www.alliancewealth.ca\/fr\/wp-json\/wp\/v2\/pages\/11610","targetHints":{"allow":["GET"]}}],"collection":[{"href":"https:\/\/www.alliancewealth.ca\/fr\/wp-json\/wp\/v2\/pages"}],"about":[{"href":"https:\/\/www.alliancewealth.ca\/fr\/wp-json\/wp\/v2\/types\/page"}],"author":[{"embeddable":true,"href":"https:\/\/www.alliancewealth.ca\/fr\/wp-json\/wp\/v2\/users\/1"}],"replies":[{"embeddable":true,"href":"https:\/\/www.alliancewealth.ca\/fr\/wp-json\/wp\/v2\/comments?post=11610"}],"version-history":[{"count":6,"href":"https:\/\/www.alliancewealth.ca\/fr\/wp-json\/wp\/v2\/pages\/11610\/revisions"}],"predecessor-version":[{"id":12449,"href":"https:\/\/www.alliancewealth.ca\/fr\/wp-json\/wp\/v2\/pages\/11610\/revisions\/12449"}],"wp:featuredmedia":[{"embeddable":true,"href":"https:\/\/www.alliancewealth.ca\/fr\/wp-json\/wp\/v2\/media\/12023"}],"wp:attachment":[{"href":"https:\/\/www.alliancewealth.ca\/fr\/wp-json\/wp\/v2\/media?parent=11610"}],"curies":[{"name":"wp","href":"https:\/\/api.w.org\/{rel}","templated":true}]}}