{"id":11593,"date":"2020-11-16T11:24:46","date_gmt":"2020-11-16T16:24:46","guid":{"rendered":"https:\/\/gestionpatrimoine.wp.codeboxx.dev\/?page_id=11593"},"modified":"2025-01-16T10:29:40","modified_gmt":"2025-01-16T15:29:40","slug":"nos-partenaires","status":"publish","type":"page","link":"https:\/\/www.alliancewealth.ca\/fr\/a-propos\/nos-partenaires\/","title":{"rendered":"Nos partenaires"},"content":{"rendered":"<h1>Nos partenaires<\/h1>\n<h2 style=\"margin-top: 0;\"><strong>Caisse populaire Alliance Limit\u00e9e<\/strong><\/h2>\n<p>La Caisse populaire Alliance limit\u00e9e est une coop\u00e9rative financi\u00e8re oeuvrant \u00e0 offrir les meilleurs produits et services financiers ainsi qu\u2019\u00e0 participer au d\u00e9veloppement et au support de notre communaut\u00e9.<\/p>\n<p>Nous jouissons d\u2019une institution financi\u00e8re qui a v\u00e9ritablement r\u00e9ussi, gr\u00e2ce \u00e0 la fid\u00e9lit\u00e9 des soci\u00e9taires, des dirigeants, des membres du conseil d\u2019administration, des divers comit\u00e9s et du personnel depuis ses d\u00e9buts.<\/p>\n<h2><strong>Patrimoine Aviso inc.<\/strong><\/h2>\n<h3>Notre partenaire en gestion de patrimoine<\/h3>\n<p>Votre argent est important pour vous, et il l&rsquo;est aussi pour nous. C&rsquo;est pourquoi nous travaillons en partenariat avec Patrimoine Aviso.<\/p>\n<p>Aviso est une filiale en propri\u00e9t\u00e9 exclusive de Patrimoine\u00a0Aviso\u00a0S.E.C., d\u00e9tenue \u00e0 50\u00a0% respectivement par Desjardins\u00a0Holding\u00a0financier\u00a0Inc. et par une soci\u00e9t\u00e9 en commandite qui appartient aux cinq centrales de caisse de cr\u00e9dit provinciales et au Groupe\u00a0CUMIS\u00a0limit\u00e9e.<\/p>\n<h3>Une entreprise nationale stable<\/h3>\n<p>Patrimoine Aviso est une soci\u00e9t\u00e9 nationale de services financiers int\u00e9gr\u00e9s qui r\u00e9pond aux besoins en mati\u00e8re de gestion de patrimoine de la quasi-totalit\u00e9 des coop\u00e9ratives de cr\u00e9dit du Canada et de diverses organisations financi\u00e8res ind\u00e9pendantes.<\/p>\n<p>Patrimoine Aviso offre tout ce que vous attendez d&rsquo;une grande soci\u00e9t\u00e9 nationale de gestion de patrimoine qui fait partie du syst\u00e8me des coop\u00e9ratives de cr\u00e9dit :<\/p>\n<ul>\n<li data-gc-list-depth=\"1\" data-gc-list-style=\"bullet\">Gestion financi\u00e8re et conseils d&rsquo;experts;<\/li>\n<li data-gc-list-depth=\"1\" data-gc-list-style=\"bullet\">Acc\u00e8s aux meilleurs placements et produits d&rsquo;assurance du Canada;<\/li>\n<li data-gc-list-depth=\"1\" data-gc-list-style=\"bullet\">Des id\u00e9es et des recherches d&rsquo;analystes financiers;<\/li>\n<li data-gc-list-depth=\"1\" data-gc-list-style=\"bullet\">Une perspective canadienne sur le monde des finances;<\/li>\n<li data-gc-list-depth=\"1\" data-gc-list-style=\"bullet\">Le m\u00eame service amical et utile que vous recevez de votre coop\u00e9rative de cr\u00e9dit.<\/li>\n<\/ul>\n<p>&nbsp;<\/p>\n<hr \/>\n<p class=\"notice\">Alliance Gestion de patrimoine est un programme propos\u00e9 par Assurances Aviso inc. offrant des services de planification financi\u00e8re, d\u2019assurance vie et de placement aux membres des caisses populaires et \u00e0 leurs communaut\u00e9s. Toute marque de commerce d\u2019Alliance Gestion de patrimoine est utilis\u00e9e sous licence par Assurances Aviso inc. Les fonds communs de placement et autres titres sont offerts par l\u2019interm\u00e9diaire de Gestion de patrimoine Aviso, une division de Financi\u00e8re Patrimoine Aviso inc.<\/p>\n","protected":false},"excerpt":{"rendered":"<p>La Caisse populaire Alliance limit\u00e9e est une coop\u00e9rative financi\u00e8re oeuvrant \u00e0 offrir les meilleurs produits et services financiers ainsi qu\u2019\u00e0 participer au d\u00e9veloppement et au support de notre communaut\u00e9. Nous jouissons d\u2019une institution financi\u00e8re qui a v\u00e9ritablement r\u00e9ussi, gr\u00e2ce \u00e0 la fid\u00e9lit\u00e9 des soci\u00e9taires, des dirigeants, des membres du conseil d\u2019administration, des divers comit\u00e9s et [&#8230;]<\/p>\n","protected":false},"author":1,"featured_media":12025,"parent":11541,"menu_order":4,"comment_status":"closed","ping_status":"closed","template":"","meta":{"_acf_changed":false,"footnotes":""},"class_list":["post-11593","page","type-page","status-publish","has-post-thumbnail","hentry"],"acf":[],"_links":{"self":[{"href":"https:\/\/www.alliancewealth.ca\/fr\/wp-json\/wp\/v2\/pages\/11593","targetHints":{"allow":["GET"]}}],"collection":[{"href":"https:\/\/www.alliancewealth.ca\/fr\/wp-json\/wp\/v2\/pages"}],"about":[{"href":"https:\/\/www.alliancewealth.ca\/fr\/wp-json\/wp\/v2\/types\/page"}],"author":[{"embeddable":true,"href":"https:\/\/www.alliancewealth.ca\/fr\/wp-json\/wp\/v2\/users\/1"}],"replies":[{"embeddable":true,"href":"https:\/\/www.alliancewealth.ca\/fr\/wp-json\/wp\/v2\/comments?post=11593"}],"version-history":[{"count":10,"href":"https:\/\/www.alliancewealth.ca\/fr\/wp-json\/wp\/v2\/pages\/11593\/revisions"}],"predecessor-version":[{"id":12945,"href":"https:\/\/www.alliancewealth.ca\/fr\/wp-json\/wp\/v2\/pages\/11593\/revisions\/12945"}],"up":[{"embeddable":true,"href":"https:\/\/www.alliancewealth.ca\/fr\/wp-json\/wp\/v2\/pages\/11541"}],"wp:featuredmedia":[{"embeddable":true,"href":"https:\/\/www.alliancewealth.ca\/fr\/wp-json\/wp\/v2\/media\/12025"}],"wp:attachment":[{"href":"https:\/\/www.alliancewealth.ca\/fr\/wp-json\/wp\/v2\/media?parent=11593"}],"curies":[{"name":"wp","href":"https:\/\/api.w.org\/{rel}","templated":true}]}}