{"id":11549,"date":"2020-11-16T10:35:07","date_gmt":"2020-11-16T15:35:07","guid":{"rendered":"https:\/\/gestionpatrimoine.wp.codeboxx.dev\/?page_id=11549"},"modified":"2025-09-18T08:46:53","modified_gmt":"2025-09-18T12:46:53","slug":"notre-equipe","status":"publish","type":"page","link":"https:\/\/www.alliancewealth.ca\/fr\/a-propos\/notre-equipe\/","title":{"rendered":"Notre \u00e9quipe"},"content":{"rendered":"<div style=\"margin-bottom: 25px;\">\n<div style=\"margin-bottom: 25px;\">\n<h2 class=\"titre-equipe\">Notre \u00e9quipe<\/h2>\n<p>Notre \u00e9quipe se sp\u00e9cialise dans la gestion financi\u00e8re pour individus, familles et propri\u00e9taires d\u2019entreprise. Pendant la vie, divers moments importants d\u00e9terminent le roulement de l\u2019argent, o\u00f9 les enjeux sont \u00e9lev\u00e9s et les \u00e9motions sont charg\u00e9es. Nous offrons des services de planification et de gestion financi\u00e8re qui sont con\u00e7us pour permettre une prise de d\u00e9cision \u00e9clair\u00e9e et ax\u00e9e sur une relation d\u2019affaires de confiance.<\/p>\n<\/div>\n<div style=\"margin-bottom: 25px; margin-top: 75px;\">\n<h3 class=\"titre-equipe\">Virginie Benoit<\/h3>\n<p><strong>Conseill\u00e8re en assurance\u00a0<\/strong><br \/>\n<strong>Alliance Gestion de patrimoine<br \/>\n<\/strong><strong>Coordinatrice<br \/>\n<\/strong><strong>Patrimoine Aviso<\/strong><br \/>\nT\u00e9l. : 705 753-2971<br \/>\n<a href=\"mailto:vbenoit@alliancewealth.ca\">vbenoit@alliancewealth.ca<\/a><\/p>\n<p>Situ\u00e9e dans la r\u00e9gion du Nipissing\/North Bay, Virginie Benoit agit \u00e0 titre de conseill\u00e8re en assurance au sein de l\u2019\u00e9quipe d\u2019Alliance Gestion de patrimoine et coordinatrice avec Patrimoine Aviso. Elle effectue des r\u00e9visions, soumissions et applications d\u2019assurance et est aussi disponible pour r\u00e9pondre aux questions des membres clients du c\u00f4t\u00e9 placement.<\/p>\n<p>Depuis le d\u00e9but de sa carri\u00e8re avec la Caisse Alliance, Virginie a eu l\u2019occasion d\u2019acqu\u00e9rir de multiples connaissances au sujet du monde financier. Elle a occup\u00e9 le poste d\u2019agente services aux membres ainsi que celui d\u2019agente services financiers dans les d\u00e9partements de gestion des avoirs des secteurs particuliers et entreprises. Elle a ainsi pu d\u00e9velopper ses connaissances au niveau des investissements et des pr\u00eats personnels et hypoth\u00e9caires. \u00c9tant engag\u00e9e envers son d\u00e9veloppement professionnel, Virginie a r\u00e9ussi le cours sur les assurances PQAP offert par <em>Canadian Securities Institute<\/em> (CSI) et suit actuellement le cours sur le commerce des valeurs mobili\u00e8res au Canada (CCVM<sup>MD<\/sup>), aussi offert par <em>Canadian Securities Institute<\/em> (CSI), dans le but de devenir conseill\u00e8re en fonds de placement.<\/p>\n<p>D\u00e9vou\u00e9e et engag\u00e9e, elle cherche continuellement \u00e0 am\u00e9liorer ses connaissances et \u00e0 d\u00e9velopper ses aptitudes pour desservir les membres clients.<\/p>\n<\/div>\n<p><span style=\"font-family: inherit; font-size: 10pt; white-space-collapse: break-spaces;\">Les fonds communs de placement et autres titres sont offerts par l\u2019interm\u00e9diaire de Patrimoine Aviso, une division de Financi\u00e8re Patrimoine Aviso inc. Alliance Gestion de patrimoine est un programme propos\u00e9 par Assurances Aviso inc., offrant des services de planification financi\u00e8re, d\u2019assurance vie et de placement aux membres de caisses populaires et \u00e0 leurs collectivit\u00e9s. Toute marque de commerce d\u2019Alliance Gestion de patrimoine est utilis\u00e9e sous licence par Assurances Aviso inc.<\/span><\/p>\n<\/div>\n","protected":false},"excerpt":{"rendered":"<p>Notre \u00e9quipe se sp\u00e9cialise dans la gestion financi\u00e8re pour individus, familles et propri\u00e9taires d\u2019entreprise. Pendant la vie, divers moments importants d\u00e9terminent le roulement de l\u2019argent, o\u00f9 les enjeux sont \u00e9lev\u00e9s et les \u00e9motions sont charg\u00e9es. Nous offrons des services de planification et de gestion financi\u00e8re qui sont con\u00e7us pour permettre une prise de d\u00e9cision \u00e9clair\u00e9e [&#8230;]<\/p>\n","protected":false},"author":1,"featured_media":12033,"parent":11541,"menu_order":2,"comment_status":"closed","ping_status":"closed","template":"","meta":{"_acf_changed":false,"footnotes":""},"class_list":["post-11549","page","type-page","status-publish","has-post-thumbnail","hentry"],"acf":[],"_links":{"self":[{"href":"https:\/\/www.alliancewealth.ca\/fr\/wp-json\/wp\/v2\/pages\/11549","targetHints":{"allow":["GET"]}}],"collection":[{"href":"https:\/\/www.alliancewealth.ca\/fr\/wp-json\/wp\/v2\/pages"}],"about":[{"href":"https:\/\/www.alliancewealth.ca\/fr\/wp-json\/wp\/v2\/types\/page"}],"author":[{"embeddable":true,"href":"https:\/\/www.alliancewealth.ca\/fr\/wp-json\/wp\/v2\/users\/1"}],"replies":[{"embeddable":true,"href":"https:\/\/www.alliancewealth.ca\/fr\/wp-json\/wp\/v2\/comments?post=11549"}],"version-history":[{"count":96,"href":"https:\/\/www.alliancewealth.ca\/fr\/wp-json\/wp\/v2\/pages\/11549\/revisions"}],"predecessor-version":[{"id":12990,"href":"https:\/\/www.alliancewealth.ca\/fr\/wp-json\/wp\/v2\/pages\/11549\/revisions\/12990"}],"up":[{"embeddable":true,"href":"https:\/\/www.alliancewealth.ca\/fr\/wp-json\/wp\/v2\/pages\/11541"}],"wp:featuredmedia":[{"embeddable":true,"href":"https:\/\/www.alliancewealth.ca\/fr\/wp-json\/wp\/v2\/media\/12033"}],"wp:attachment":[{"href":"https:\/\/www.alliancewealth.ca\/fr\/wp-json\/wp\/v2\/media?parent=11549"}],"curies":[{"name":"wp","href":"https:\/\/api.w.org\/{rel}","templated":true}]}}